{"id":1171,"date":"2025-03-17T09:03:28","date_gmt":"2025-03-17T09:03:28","guid":{"rendered":"https:\/\/gopsrogozno.pl\/?page_id=1171"},"modified":"2025-03-17T09:07:27","modified_gmt":"2025-03-17T09:07:27","slug":"program-oslonowy-posilek-w-szkole-i-w-domu-na-lata-2024-2028","status":"publish","type":"page","link":"https:\/\/gopsrogozno.pl\/index.php\/program-oslonowy-posilek-w-szkole-i-w-domu-na-lata-2024-2028\/","title":{"rendered":"PROGRAM OS\u0141ONOWY \u201ePOSI\u0141EK W SZKOLE I W DOMU\u201d NA LATA 2024-2028"},"content":{"rendered":"\t\t<div data-elementor-type=\"wp-page\" data-elementor-id=\"1171\" class=\"elementor elementor-1171\" data-elementor-post-type=\"page\">\n\t\t\t\t<div data-particle_enable=\"false\" data-particle-mobile-disabled=\"false\" class=\"elementor-element elementor-element-e57844e e-flex e-con-boxed e-con e-parent\" data-id=\"e57844e\" data-element_type=\"container\">\n\t\t\t\t\t<div class=\"e-con-inner\">\n\t\t\t\t<div class=\"elementor-element elementor-element-a61f80a elementor-widget elementor-widget-text-editor\" data-id=\"a61f80a\" data-element_type=\"widget\" data-widget_type=\"text-editor.default\">\n\t\t\t\t<div class=\"elementor-widget-container\">\n\t\t\t\t\t\t\t\t\t<p><strong>I. PODSTAWA PRAWNA PROGRAMU:<\/strong><\/p><p>1. Program os\u0142onowy &#8220;Posi\u0142ek w szkole i w domu&#8221;, jest programem os\u0142onowym w rozumieniu art. 17 ust. 2 pkt 4 ustawy o pomocy spo\u0142ecznej dotycz\u0105cym realizacji zada\u0144 w\u0142asnych o charakterze obowi\u0105zkowym w zakresie pomocy spo\u0142ecznej, o kt\u00f3rych mowa w art. 17 ust. 1 pkt 3 i pkt 14 oraz art. 110 ust. 10 ustawy z dnia 12 marca 2004 r. o pomocy spo\u0142ecznej (t. j. Dz. U. z 2024 r. poz. 1283 ze zm.).<br \/>2. Program jest opracowany i przyj\u0119ty przez Rad\u0119 Miejsk\u0105 w Rogo\u017anie w zwi\u0105zku z wej\u015bciem w \u017cycie z dniem 1 stycznia 2024 r. Uchwa\u0142y Nr 149 Rady Ministr\u00f3w z dnia 23 sierpnia 2023r w sprawie ustanowienia wieloletniego rz\u0105dowego programu &#8220;Posi\u0142ek w szkole i w domu&#8221; na lata 2024-2028 (M. P. z 2023 r. poz.881)<br \/>3. Program b\u0119dzie realizowany w latach 2024-2028.<\/p><p><strong>II. CEL PROGRAMU:<\/strong><\/p><p>Celem g\u0142\u00f3wnym jest przeciwdzia\u0142anie zjawisku niedo\u017cywienia w gminie Rogo\u017ano poprzez zapewnienie posi\u0142ku dzieciom, uczniom i m\u0142odzie\u017cy oraz obj\u0119cie pomoc\u0105 os\u00f3b doros\u0142ych, zw\u0142aszcza os\u00f3b starszych, chorych lub niepe\u0142nosprawnych i samotnych. Program przewiduje udzielenie pomocy w jednej z trzech form:<br \/>1) posi\u0142ek;<br \/>2) \u015bwiadczenie pieni\u0119\u017cne na zakup posi\u0142ku lub \u017cywno\u015bci;<br \/>3) \u015bwiadczenie rzeczowe w postaci produkt\u00f3w \u017cywno\u015bciowych.<\/p><p>Celami szczeg\u00f3\u0142owymi s\u0105:<br \/>1. zwi\u0119kszenie dost\u0119pno\u015bci proponowanych form pomocy w ramach wieloletniego programu wieloletniego rz\u0105dowego programu \u201ePosi\u0142ek w szkole i w domu\u201d na lata 2024-2028;<br \/>2. poprawa stanu zdrowia dzieci i m\u0142odzie\u017cy poprzez kszta\u0142towanie w\u0142a\u015bciwych nawyk\u00f3w \u017cywieniowych;<br \/>3. poprawa standardu \u017cycia rodzin znajduj\u0105cych si\u0119 w trudnej sytuacji poprzez udzielanie wsparcia w formie posi\u0142ku na zasadach okre\u015blonych w programie.<\/p><p>Program ma charakter modu\u0142owy:<br \/>1. Modu\u0142 dla dzieci i m\u0142odzie\u017cy<br \/>2. Modu\u0142 dla os\u00f3b doros\u0142ych<br \/>3. Modu\u0142 organizacji sto\u0142\u00f3wek oraz miejsc spo\u017cywania posi\u0142k\u00f3w w szko\u0142ach<\/p><p>Od stycznia 2023 r. do grudnia 2024 r. kryterium dochodowe na osob\u0119 w rodzinie wynosi\u0142: 600,00 z\u0142 x 200%= 1.200,00 z\u0142, na osob\u0119 samotnie gospodaruj\u0105c\u0105: 776,00 z\u0142 x 200%=1.552,00 z\u0142).<\/p><p>Ocena sytuacji:<br \/>Wiele rodzin o dochodach przewy\u017cszaj\u0105cych ustawowe kryterium dochodowe okre\u015blone ustaw\u0105 o pomocy spo\u0142ecznej boryka si\u0119 z trudno\u015bciami finansowymi. S\u0105 to np. rodziny rolnicze, w kt\u00f3rych doch\u00f3d wyliczony z posiadanych hektar\u00f3w przeliczeniowych jest nie zawsze adekwatny do faktycznego dochodu rodziny, lub rodziny zad\u0142u\u017cone, kt\u00f3rych znaczn\u0105 cz\u0119\u015b\u0107 dochodu poch\u0142aniaj\u0105 zobowi\u0105zania kredytowe. Jest te\u017c znaczna liczba rodzin, dla kt\u00f3rych wynagrodzenie nie wystarcza na bie\u017c\u0105ce op\u0142aty, leki, opa\u0142 i \u017cywno\u015b\u0107. Istnieje wi\u0119c potrzeba wsparcia rodzin, kt\u00f3re mimo podejmowanych stara\u0144 nie s\u0105 w stanie zabezpieczy\u0107 wszystkich podstawowych potrzeb dorastaj\u0105cych dzieci.<\/p><p>Zadanie przeciwdzia\u0142ania niedo\u017cywieniu:<\/p><p>MOCNE STRONY:<br \/>&#8211; wieloletnie do\u015bwiadczenie Miejsko-Gminnego O\u015brodka Pomocy Spo\u0142ecznej w Rogo\u017anie w zakresie do\u017cywiania dzieci w szko\u0142ach;<br \/>&#8211; znajomo\u015b\u0107 \u015brodowisk wymagaj\u0105cych udzielenia wsparcia;<\/p><p>S\u0141ABE STRONY:<br \/>&#8211; niech\u0119\u0107 uczni\u00f3w i rodzic\u00f3w do korzystania z posi\u0142k\u00f3w w szkole;<br \/>&#8211; brak znajomo\u015bci lub s\u0142aba znajomo\u015b\u0107 zasad prawid\u0142owego \u017cywienia dzieci;<\/p><p>SZANSE:<br \/>&#8211; wsparcie wieloletniego rz\u0105dowego programu \u201ePosi\u0142ek w szkole i w domu\u201d na lata 2024-2028 i przyj\u0119cie niniejszego programu os\u0142onowego;<br \/>&#8211; podniesienie kryterium uprawniaj\u0105cego do otrzymania \u015bwiadcze\u0144 pieni\u0119\u017cnych z w\/w programu do 200%;<\/p><p>ZAGRO\u017bENIA:<br \/>&#8211; odrzucanie przez rodzic\u00f3w proponowanych form pomocy;<br \/>&#8211; nieprzyznawanie si\u0119 rodzic\u00f3w do trudnej sytuacji materialnej rodziny i kamuflowanie problem\u00f3w z obawy przed naznaczeniem lub z poczucia wstydu.<\/p><p>\u00a0<\/p><p>Podmioty realizuj\u0105ce program:<\/p><p>Koordynatorem programu jest Burmistrz Rogo\u017ana.<br \/>Program realizuje Gminny O\u015brodek Pomocy Spo\u0142ecznej w Rogo\u017anie jako samorz\u0105dowa jednostka pomocy spo\u0142ecznej we wsp\u00f3\u0142pracy z innymi samorz\u0105dowymi jednostkami organizacyjnymi gminy (przedszkola, szko\u0142y podstawowe, szko\u0142y ponadpodstawowe) oraz szko\u0142ami lub przedszkolami prowadzonymi przez inne samorz\u0105dy gminne albo podmiotami prowadz\u0105cymi szko\u0142y lub przedszkola niepubliczne, do kt\u00f3rych ucz\u0119szczaj\u0105 dzieci i m\u0142odzie\u017c z terenu Gminy.<\/p><p><strong>III. ZAKRES PODMIOTOWY I PRZEDMIOTOWY PROGRAMU:<\/strong><\/p><p>1. W ramach programu udziela si\u0119 wsparcia osobom spe\u0142niaj\u0105cym warunki otrzymania pomocy wskazane w ustawie z dnia 12 marca 2004 r. o pomocy spo\u0142ecznej (Dz. U. z 2024 r. poz. 1283 ze zm.) oraz spe\u0142niaj\u0105cym kryterium dochodowe w wysoko\u015bci 200% kryterium, o kt\u00f3rym mowa w art. 8 ww. ustawy:<br \/>1) dzieciom do czasu podj\u0119cia nauki w szkole podstawowej,<br \/>2) uczniom do czasu uko\u0144czenia szko\u0142y ponadpodstawowej \u2013 w formie posi\u0142ku, \u015bwiadczenia pieni\u0119\u017cnego na zakup posi\u0142ku lub \u017cywno\u015bci albo \u015bwiadczenia rzeczowego w postaci produkt\u00f3w \u017cywno\u015bciowych. W szczeg\u00f3lnie uzasadnionych przypadkach, gdy ucze\u0144 albo dziecko nie spe\u0142nia wymaga\u0144 (przekracza 200 % kryterium dochodowego), a wyra\u017ca ch\u0119\u0107 zjedzenia posi\u0142ku, odpowiednio dyrektor szko\u0142y lub przedszkola informuje o\u015brodek pomocy spo\u0142ecznej o potrzebie udzielenia pomocy w formie posi\u0142ku. Przyznanie takiej pomocy odbywa si\u0119, bez wydania decyzji administracyjnej przyznaj\u0105cej posi\u0142ek oraz bez przeprowadzania rodzinnego wywiadu \u015brodowiskowego. Liczba dzieci i uczni\u00f3w, kt\u00f3rym ma by\u0107 udzielona pomoc ww. spos\u00f3b, nie mo\u017ce przekroczy\u0107 20 % liczby i uczni\u00f3w i dzieci otrzymuj\u0105cych posi\u0142ek w szko\u0142ach i przedszkolach na terenie gminy w poprzednim miesi\u0105cu kalendarzowym, a w miesi\u0105cu wrze\u015bniu tej liczby z miesi\u0105ca czerwca.<\/p><p>2. W ramach programu udziela si\u0119 wsparcia osobom doros\u0142ym w postaci \u015bwiadczenia pieni\u0119\u017cnego na zakup posi\u0142ku lub \u017cywno\u015bci, \u015bwiadczenia rzeczowego w postaci produkt\u00f3w \u017cywno\u015bciowych osobom spe\u0142niaj\u0105cym warunki otrzymania pomocy wskazane w ustawie z dnia 12 marca 2004 r. o pomocy spo\u0142ecznej (Dz. U. z 2024 r. poz. 1283 ze zm.) oraz spe\u0142niaj\u0105cym kryterium dochodowe w wysoko\u015bci 200% kryterium, o kt\u00f3rym mowa w art. 8 ww. ustawy, osobom i rodzinom znajduj\u0105cym si\u0119 w sytuacjach wymienionych w art. 7 ustawy z dnia 12 marca 2004 r. o pomocy spo\u0142ecznej.<\/p><p><strong>IV. FINANSOWANIE PROGRAMU:<\/strong><\/p><p>1. Na realizacje dzia\u0142a\u0144 przewidzianych Programem Gmina Rogo\u017ano mo\u017ce otrzyma\u0107 dotacj\u0119, je\u017celi udzia\u0142 \u015brodk\u00f3w w\u0142asnych Gminy wynosi nie mniej ni\u017c 40% przewidywanych koszt\u00f3w realizacji zadania.<br \/>2. Na uzasadniony, pisemny wniosek Burmistrza Wojewoda mo\u017ce wyrazi\u0107 zgod\u0119 na zwi\u0119kszenie dotacji, z tym \u017ce udzia\u0142 \u015brodk\u00f3w w\u0142asnych Gminy nie mo\u017ce wynosi\u0107 mniej ni\u017c 20% przewidywanych koszt\u00f3w realizacji zadania.<br \/>3. Na uzasadniony, pisemny wniosek Burmistrza Wojewoda mo\u017ce wyrazi\u0107 zgod\u0119 na zwi\u0119kszenie dotacji do 5% \u015brodk\u00f3w finansowych z przeznaczeniem na dow\u00f3z posi\u0142k\u00f3w w Gminie, w szczeg\u00f3lno\u015bci dla os\u00f3b starszych, niepe\u0142nosprawnych, z tym \u017ce udzia\u0142 \u015brodk\u00f3w w\u0142asnych Gminy nie mo\u017ce wynosi\u0107 mniej ni\u017c 20% przewidywanych koszt\u00f3w realizacji tego zadania.<br \/>4. Wysoko\u015b\u0107 dotacji jest ustalana mi\u0119dzy Wojewod\u0105 a Burmistrzem, maj\u0105c na uwadze w szczeg\u00f3lno\u015bci liczb\u0119 dzieci i m\u0142odzie\u017cy oraz innych os\u00f3b wymagaj\u0105cych pomocy, dowozu posi\u0142k\u00f3w, a tak\u017ce sytuacj\u0119 finansow\u0105 Gminy.<br \/>5. Niewykorzystana dotacja podlega zwrotowi na zasadach przewidzianych w ustawie z dnia 27 sierpnia 2009 r. o finansach publicznych (Dz. U. z 2023 r. poz. 1693 ze zm.).<\/p><p>Uzasadnienie<\/p><p>W dniu 23 sierpnia 2023 r. zosta\u0142a podj\u0119ta uchwa\u0142a Nr 149 Rady Ministr\u00f3w w sprawie ustanowienia wieloletniego rz\u0105dowego programu \u201ePosi\u0142ek w szkole i w domu\u201d na lata 2024-2028 (M. P. z 2023 r. poz. 881). Program przewiduje wsparcie finansowe gmin w udzieleniu pomocy w formie posi\u0142ku, \u015bwiadczenia pieni\u0119\u017cnego w postaci zasi\u0142ku celowego na zakup posi\u0142ku lub \u017cywno\u015bci oraz \u015bwiadczenia rzeczowego w postaci produkt\u00f3w \u017cywno\u015bciowych. Wsparciem w ramach Programu zostan\u0105 obj\u0119te osoby i rodziny spe\u0142niaj\u0105ce warunki otrzymania pomocy wskazane w ustawie z dnia 12 marca 2004 r. o pomocy spo\u0142ecznej (Dz. U. z 2024 r. poz. 1283 ze zm.) oraz spe\u0142niaj\u0105ce kryterium dochodowe w wysoko\u015bci do 200 % kryterium, o kt\u00f3rym mowa w art. 8 w\/w ustawy. Powy\u017csza uchwa\u0142a Rady Ministr\u00f3w wesz\u0142a w \u017cycie 1 stycznia 2024 r., uchwa\u0142a Nr 140 Rady Ministr\u00f3w z dnia 15 pa\u017adziernika 2018 r. w sprawie ustanowienia wieloletniego rz\u0105dowego programu \u201ePosi\u0142ek w szkole i w domu\u201d na lata 2019-2023 (M. P. z 2018 r. poz. 1007 oraz z 2022 r. poz. 1287) obowi\u0105zywa\u0142a do dnia 31 grudnia 2023 r.<br \/>W zwi\u0105zku z trudn\u0105 sytuacj\u0105 dochodow\u0105 i \u017cyciow\u0105 os\u00f3b i rodzin korzystaj\u0105cych z wsparcia systemu pomocy spo\u0142ecznej podwy\u017cszenie do 200 % kryterium dochodowego w zakresie do\u017cywiania w formie \u015bwiadczenia pieni\u0119\u017cnego na zakup posi\u0142ku lub \u017cywno\u015bci u\u0142atwi\u0142o oraz uskuteczni\u0142o dzia\u0142alno\u015b\u0107 zapobiegaj\u0105c\u0105 rozszerzaniu si\u0119 ub\u00f3stwa, a tak\u017ce umo\u017cliwi\u0142o osobom i rodzinom, w szczeg\u00f3lno\u015bci rodzinom wielodzietnym i niepe\u0142nym zabezpieczenie potrzeb \u017cywieniowych. Celem niniejszej uchwa\u0142y jest przyj\u0119cie przez Rad\u0119 Miejsk\u0105 w Rogo\u017anie programu os\u0142onowego \u201ePosi\u0142ek w szkole i w domu\u201d na lata 2024-2028 &#8211; dotycz\u0105cego realizacji zada\u0144 w\u0142asnych gminy Rogo\u017ano o charakterze obowi\u0105zkowym w zakresie pomocy spo\u0142ecznej, kt\u00f3ry odpowiada\u0107 b\u0119dzie za\u0142o\u017ceniom nowego programu ustalonych odpowiednio w\/w uchwa\u0142\u0105 Rady Ministr\u00f3w.<\/p><p>\u00a0<\/p>\t\t\t\t\t\t\t\t<\/div>\n\t\t\t\t<\/div>\n\t\t\t\t\t<\/div>\n\t\t\t\t<\/div>\n\t\t\t\t<\/div>\n\t\t","protected":false},"excerpt":{"rendered":"<p>I. PODSTAWA PRAWNA PROGRAMU: 1. Program os\u0142onowy &#8220;Posi\u0142ek w szkole i w domu&#8221;, jest programem os\u0142onowym w rozumieniu art. 17 ust. 2 pkt 4 ustawy o pomocy spo\u0142ecznej dotycz\u0105cym realizacji zada\u0144 w\u0142asnych o charakterze obowi\u0105zkowym w zakresie pomocy spo\u0142ecznej, o kt\u00f3rych mowa w art. 17 ust. 1 pkt 3 i pkt 14 oraz art. 110 ust. 10 ustawy z dnia 12 marca 2004 r. o pomocy spo\u0142ecznej (t. j. Dz. U. z 2024 r. poz. 1283 ze zm.).2. Program jest opracowany i przyj\u0119ty przez Rad\u0119 Miejsk\u0105 w Rogo\u017anie w zwi\u0105zku z wej\u015bciem w \u017cycie z dniem 1 stycznia 2024 r. Uchwa\u0142y Nr 149 Rady Ministr\u00f3w z dnia 23 sierpnia 2023r w sprawie ustanowienia wieloletniego rz\u0105dowego programu &#8220;Posi\u0142ek w szkole i w domu&#8221; na lata 2024-2028 (M. P. z 2023 r. poz.881)3. Program b\u0119dzie realizowany w latach 2024-2028. II. CEL PROGRAMU: Celem g\u0142\u00f3wnym jest przeciwdzia\u0142anie zjawisku niedo\u017cywienia w gminie Rogo\u017ano poprzez zapewnienie posi\u0142ku dzieciom, uczniom i m\u0142odzie\u017cy oraz obj\u0119cie pomoc\u0105 os\u00f3b doros\u0142ych, zw\u0142aszcza os\u00f3b starszych, chorych lub niepe\u0142nosprawnych i samotnych. Program przewiduje udzielenie pomocy w jednej z trzech form:1) posi\u0142ek;2) \u015bwiadczenie pieni\u0119\u017cne na zakup posi\u0142ku lub \u017cywno\u015bci;3) \u015bwiadczenie rzeczowe w postaci produkt\u00f3w \u017cywno\u015bciowych. Celami szczeg\u00f3\u0142owymi s\u0105:1. zwi\u0119kszenie dost\u0119pno\u015bci proponowanych form pomocy w ramach wieloletniego programu wieloletniego rz\u0105dowego programu \u201ePosi\u0142ek w szkole i w domu\u201d na lata 2024-2028;2. poprawa stanu zdrowia dzieci i m\u0142odzie\u017cy poprzez kszta\u0142towanie w\u0142a\u015bciwych nawyk\u00f3w \u017cywieniowych;3. poprawa standardu \u017cycia rodzin znajduj\u0105cych si\u0119 w trudnej sytuacji poprzez udzielanie wsparcia w formie posi\u0142ku na zasadach okre\u015blonych w programie. Program ma charakter modu\u0142owy:1. Modu\u0142 dla dzieci i m\u0142odzie\u017cy2. Modu\u0142 dla os\u00f3b doros\u0142ych3. Modu\u0142 organizacji sto\u0142\u00f3wek oraz miejsc spo\u017cywania posi\u0142k\u00f3w w szko\u0142ach Od stycznia 2023 r. do grudnia 2024 r. kryterium dochodowe na osob\u0119 w rodzinie wynosi\u0142: 600,00 z\u0142 x 200%= 1.200,00 z\u0142, na osob\u0119 samotnie gospodaruj\u0105c\u0105: 776,00 z\u0142 x 200%=1.552,00 z\u0142). Ocena sytuacji:Wiele rodzin o dochodach przewy\u017cszaj\u0105cych ustawowe kryterium dochodowe okre\u015blone ustaw\u0105 o pomocy spo\u0142ecznej boryka si\u0119 z trudno\u015bciami finansowymi. S\u0105 to np. rodziny rolnicze, w kt\u00f3rych doch\u00f3d wyliczony z posiadanych hektar\u00f3w przeliczeniowych jest nie zawsze adekwatny do faktycznego dochodu rodziny, lub rodziny zad\u0142u\u017cone, kt\u00f3rych znaczn\u0105 cz\u0119\u015b\u0107 dochodu poch\u0142aniaj\u0105 zobowi\u0105zania kredytowe. Jest te\u017c znaczna liczba rodzin, dla kt\u00f3rych wynagrodzenie nie wystarcza na bie\u017c\u0105ce op\u0142aty, leki, opa\u0142 i \u017cywno\u015b\u0107. Istnieje wi\u0119c potrzeba wsparcia rodzin, kt\u00f3re mimo podejmowanych stara\u0144 nie s\u0105 w stanie zabezpieczy\u0107 wszystkich podstawowych potrzeb dorastaj\u0105cych dzieci. Zadanie przeciwdzia\u0142ania niedo\u017cywieniu: MOCNE STRONY:&#8211; wieloletnie do\u015bwiadczenie Miejsko-Gminnego O\u015brodka Pomocy Spo\u0142ecznej w Rogo\u017anie w zakresie do\u017cywiania dzieci w szko\u0142ach;&#8211; znajomo\u015b\u0107 \u015brodowisk wymagaj\u0105cych udzielenia wsparcia; S\u0141ABE STRONY:&#8211; niech\u0119\u0107 uczni\u00f3w i rodzic\u00f3w do korzystania z posi\u0142k\u00f3w w szkole;&#8211; brak znajomo\u015bci lub s\u0142aba znajomo\u015b\u0107 zasad prawid\u0142owego \u017cywienia dzieci; SZANSE:&#8211; wsparcie wieloletniego rz\u0105dowego programu \u201ePosi\u0142ek w szkole i w domu\u201d na lata 2024-2028 i przyj\u0119cie niniejszego programu os\u0142onowego;&#8211; podniesienie kryterium uprawniaj\u0105cego do otrzymania \u015bwiadcze\u0144 pieni\u0119\u017cnych z w\/w programu do 200%; ZAGRO\u017bENIA:&#8211; odrzucanie przez rodzic\u00f3w proponowanych form pomocy;&#8211; nieprzyznawanie si\u0119 rodzic\u00f3w do trudnej sytuacji materialnej rodziny i kamuflowanie problem\u00f3w z obawy przed naznaczeniem lub z poczucia wstydu. \u00a0 Podmioty realizuj\u0105ce program: Koordynatorem programu jest Burmistrz Rogo\u017ana.Program realizuje Gminny O\u015brodek Pomocy Spo\u0142ecznej w Rogo\u017anie jako samorz\u0105dowa jednostka pomocy spo\u0142ecznej we wsp\u00f3\u0142pracy z innymi samorz\u0105dowymi jednostkami organizacyjnymi gminy (przedszkola, szko\u0142y podstawowe, szko\u0142y ponadpodstawowe) oraz szko\u0142ami lub przedszkolami prowadzonymi przez inne samorz\u0105dy gminne albo podmiotami prowadz\u0105cymi szko\u0142y lub przedszkola niepubliczne, do kt\u00f3rych ucz\u0119szczaj\u0105 dzieci i m\u0142odzie\u017c z terenu Gminy. III. ZAKRES PODMIOTOWY I PRZEDMIOTOWY PROGRAMU: 1. W ramach programu udziela si\u0119 wsparcia osobom spe\u0142niaj\u0105cym warunki otrzymania pomocy wskazane w ustawie z dnia 12 marca 2004 r. o pomocy spo\u0142ecznej (Dz. U. z 2024 r. poz. 1283 ze zm.) oraz spe\u0142niaj\u0105cym kryterium dochodowe w wysoko\u015bci 200% kryterium, o kt\u00f3rym mowa w art. 8 ww. ustawy:1) dzieciom do czasu podj\u0119cia nauki w szkole podstawowej,2) uczniom do czasu uko\u0144czenia szko\u0142y ponadpodstawowej \u2013 w formie posi\u0142ku, \u015bwiadczenia pieni\u0119\u017cnego na zakup posi\u0142ku lub \u017cywno\u015bci albo \u015bwiadczenia rzeczowego w postaci produkt\u00f3w \u017cywno\u015bciowych. W szczeg\u00f3lnie uzasadnionych przypadkach, gdy ucze\u0144 albo dziecko nie spe\u0142nia wymaga\u0144 (przekracza 200 % kryterium dochodowego), a wyra\u017ca ch\u0119\u0107 zjedzenia posi\u0142ku, odpowiednio dyrektor szko\u0142y lub przedszkola informuje o\u015brodek pomocy spo\u0142ecznej o potrzebie udzielenia pomocy w formie posi\u0142ku. Przyznanie takiej pomocy odbywa si\u0119, bez wydania decyzji administracyjnej przyznaj\u0105cej posi\u0142ek oraz bez przeprowadzania rodzinnego wywiadu \u015brodowiskowego. Liczba dzieci i uczni\u00f3w, kt\u00f3rym ma by\u0107 udzielona pomoc ww. spos\u00f3b, nie mo\u017ce przekroczy\u0107 20 % liczby i uczni\u00f3w i dzieci otrzymuj\u0105cych posi\u0142ek w szko\u0142ach i przedszkolach na terenie gminy w poprzednim miesi\u0105cu kalendarzowym, a w miesi\u0105cu wrze\u015bniu tej liczby z miesi\u0105ca czerwca. 2. W ramach programu udziela si\u0119 wsparcia osobom doros\u0142ym w postaci \u015bwiadczenia pieni\u0119\u017cnego na zakup posi\u0142ku lub \u017cywno\u015bci, \u015bwiadczenia rzeczowego w postaci produkt\u00f3w \u017cywno\u015bciowych osobom spe\u0142niaj\u0105cym warunki otrzymania pomocy wskazane w ustawie z dnia 12 marca 2004 r. o pomocy spo\u0142ecznej (Dz. U. z 2024 r. poz. 1283 ze zm.) oraz spe\u0142niaj\u0105cym kryterium dochodowe w wysoko\u015bci 200% kryterium, o kt\u00f3rym mowa w art. 8 ww. ustawy, osobom i rodzinom znajduj\u0105cym si\u0119 w sytuacjach wymienionych w art. 7 ustawy z dnia 12 marca 2004 r. o pomocy spo\u0142ecznej. IV. FINANSOWANIE PROGRAMU: 1. Na realizacje dzia\u0142a\u0144 przewidzianych Programem Gmina Rogo\u017ano mo\u017ce otrzyma\u0107 dotacj\u0119, je\u017celi udzia\u0142 \u015brodk\u00f3w w\u0142asnych Gminy wynosi nie mniej ni\u017c 40% przewidywanych koszt\u00f3w realizacji zadania.2. Na uzasadniony, pisemny wniosek Burmistrza Wojewoda mo\u017ce wyrazi\u0107 zgod\u0119 na zwi\u0119kszenie dotacji, z tym \u017ce udzia\u0142 \u015brodk\u00f3w w\u0142asnych Gminy nie mo\u017ce wynosi\u0107 mniej ni\u017c 20% przewidywanych koszt\u00f3w realizacji zadania.3. Na uzasadniony, pisemny wniosek Burmistrza Wojewoda mo\u017ce wyrazi\u0107 zgod\u0119 na zwi\u0119kszenie dotacji do 5% \u015brodk\u00f3w finansowych z przeznaczeniem na dow\u00f3z posi\u0142k\u00f3w w Gminie, w szczeg\u00f3lno\u015bci dla os\u00f3b starszych, niepe\u0142nosprawnych, z tym \u017ce udzia\u0142 \u015brodk\u00f3w w\u0142asnych Gminy nie mo\u017ce wynosi\u0107 mniej ni\u017c 20% przewidywanych koszt\u00f3w realizacji tego zadania.4. Wysoko\u015b\u0107 dotacji jest ustalana mi\u0119dzy Wojewod\u0105 a Burmistrzem, maj\u0105c na uwadze w szczeg\u00f3lno\u015bci liczb\u0119 dzieci i m\u0142odzie\u017cy oraz innych os\u00f3b wymagaj\u0105cych pomocy, dowozu posi\u0142k\u00f3w, a tak\u017ce sytuacj\u0119 finansow\u0105 Gminy.5. Niewykorzystana dotacja podlega zwrotowi na zasadach przewidzianych w ustawie z dnia 27 sierpnia 2009 r. o finansach publicznych (Dz. U. z 2023 r. poz. 1693 ze zm.). Uzasadnienie W dniu 23 sierpnia 2023 r. zosta\u0142a podj\u0119ta uchwa\u0142a Nr 149 Rady Ministr\u00f3w w sprawie ustanowienia wieloletniego rz\u0105dowego programu \u201ePosi\u0142ek w szkole i w domu\u201d na lata 2024-2028 (M. P. z 2023 r. poz. 881). Program przewiduje wsparcie finansowe gmin w udzieleniu pomocy w formie posi\u0142ku, \u015bwiadczenia pieni\u0119\u017cnego w postaci zasi\u0142ku celowego na zakup posi\u0142ku lub \u017cywno\u015bci oraz \u015bwiadczenia rzeczowego w postaci produkt\u00f3w \u017cywno\u015bciowych. Wsparciem w ramach Programu zostan\u0105 obj\u0119te osoby i rodziny spe\u0142niaj\u0105ce warunki otrzymania pomocy wskazane w ustawie z dnia 12 marca 2004 r. o pomocy spo\u0142ecznej (Dz. U. z 2024 r. poz. 1283 ze zm.) oraz spe\u0142niaj\u0105ce kryterium dochodowe w wysoko\u015bci do 200 % kryterium, o kt\u00f3rym mowa w art. 8 w\/w ustawy. Powy\u017csza uchwa\u0142a Rady Ministr\u00f3w wesz\u0142a w \u017cycie 1 stycznia 2024 r., uchwa\u0142a Nr 140 Rady Ministr\u00f3w z dnia 15 pa\u017adziernika 2018 r. w sprawie ustanowienia wieloletniego rz\u0105dowego programu \u201ePosi\u0142ek w szkole i w domu\u201d na lata 2019-2023 (M. P. z 2018 r. poz. 1007 oraz z 2022 r. poz. 1287) obowi\u0105zywa\u0142a do dnia 31 grudnia 2023 r.W zwi\u0105zku z trudn\u0105 sytuacj\u0105 dochodow\u0105 i \u017cyciow\u0105 os\u00f3b i rodzin korzystaj\u0105cych z wsparcia systemu pomocy spo\u0142ecznej podwy\u017cszenie do 200 % kryterium dochodowego w zakresie do\u017cywiania w formie \u015bwiadczenia pieni\u0119\u017cnego na zakup posi\u0142ku lub \u017cywno\u015bci u\u0142atwi\u0142o oraz uskuteczni\u0142o dzia\u0142alno\u015b\u0107 zapobiegaj\u0105c\u0105 rozszerzaniu si\u0119 ub\u00f3stwa, a tak\u017ce umo\u017cliwi\u0142o osobom i rodzinom, w szczeg\u00f3lno\u015bci rodzinom wielodzietnym i niepe\u0142nym zabezpieczenie potrzeb \u017cywieniowych. Celem niniejszej uchwa\u0142y jest przyj\u0119cie przez Rad\u0119 Miejsk\u0105 w Rogo\u017anie programu os\u0142onowego \u201ePosi\u0142ek w szkole i w domu\u201d na lata 2024-2028 &#8211; dotycz\u0105cego realizacji zada\u0144 w\u0142asnych gminy Rogo\u017ano o charakterze obowi\u0105zkowym w zakresie pomocy spo\u0142ecznej, kt\u00f3ry odpowiada\u0107 b\u0119dzie za\u0142o\u017ceniom nowego programu ustalonych odpowiednio w\/w uchwa\u0142\u0105 Rady Ministr\u00f3w. \u00a0<\/p>\n","protected":false},"author":1,"featured_media":0,"parent":0,"menu_order":0,"comment_status":"closed","ping_status":"closed","template":"","meta":{"footnotes":""},"class_list":["post-1171","page","type-page","status-publish","hentry"],"_links":{"self":[{"href":"https:\/\/gopsrogozno.pl\/index.php\/wp-json\/wp\/v2\/pages\/1171","targetHints":{"allow":["GET"]}}],"collection":[{"href":"https:\/\/gopsrogozno.pl\/index.php\/wp-json\/wp\/v2\/pages"}],"about":[{"href":"https:\/\/gopsrogozno.pl\/index.php\/wp-json\/wp\/v2\/types\/page"}],"author":[{"embeddable":true,"href":"https:\/\/gopsrogozno.pl\/index.php\/wp-json\/wp\/v2\/users\/1"}],"replies":[{"embeddable":true,"href":"https:\/\/gopsrogozno.pl\/index.php\/wp-json\/wp\/v2\/comments?post=1171"}],"version-history":[{"count":3,"href":"https:\/\/gopsrogozno.pl\/index.php\/wp-json\/wp\/v2\/pages\/1171\/revisions"}],"predecessor-version":[{"id":1174,"href":"https:\/\/gopsrogozno.pl\/index.php\/wp-json\/wp\/v2\/pages\/1171\/revisions\/1174"}],"wp:attachment":[{"href":"https:\/\/gopsrogozno.pl\/index.php\/wp-json\/wp\/v2\/media?parent=1171"}],"curies":[{"name":"wp","href":"https:\/\/api.w.org\/{rel}","templated":true}]}}