{"id":124,"date":"2020-02-13T12:48:26","date_gmt":"2020-02-13T12:48:26","guid":{"rendered":"https:\/\/gopsrogozno.pl\/?page_id=124"},"modified":"2025-04-24T12:12:38","modified_gmt":"2025-04-24T12:12:38","slug":"swiadczenia-rodzinne","status":"publish","type":"page","link":"https:\/\/gopsrogozno.pl\/index.php\/swiadczenia-rodzinne\/","title":{"rendered":"\u015awiadczenia rodzinne"},"content":{"rendered":"\t\t<div data-elementor-type=\"wp-page\" data-elementor-id=\"124\" class=\"elementor elementor-124\" data-elementor-post-type=\"page\">\n\t\t\t\t<div data-particle_enable=\"false\" data-particle-mobile-disabled=\"false\" class=\"elementor-element elementor-element-4f8a98c8 e-flex e-con-boxed e-con e-parent\" data-id=\"4f8a98c8\" data-element_type=\"container\">\n\t\t\t\t\t<div class=\"e-con-inner\">\n\t\t\t\t<div class=\"elementor-element elementor-element-68d73293 elementor-widget elementor-widget-text-editor\" data-id=\"68d73293\" data-element_type=\"widget\" data-widget_type=\"text-editor.default\">\n\t\t\t\t<div class=\"elementor-widget-container\">\n\t\t\t\t\t\t\t\t\t<p><a href=\"https:\/\/gopsrogozno.pl\/wp-content\/uploads\/2025\/03\/rodzajeIWysokoscSwiadczenRodzinnych.pdf\">Rodzaje i wysoko\u015b\u0107 \u015bwiadcze\u0144 rodzinnych<\/a><br \/><a href=\"https:\/\/gopsrogozno.pl\/wp-content\/uploads\/2025\/03\/zasilekRodzinny.pdf\">Zasi\u0142ek rodzinny<\/a><br \/><a href=\"https:\/\/gopsrogozno.pl\/wp-content\/uploads\/2025\/03\/jednorazowaZapomogaZTytuluUrodzeniaSieDziecka.pdf\">Jednorazowa zapomoga z tytu\u0142u urodzenia si\u0119 dziecka<\/a><br \/><a href=\"https:\/\/gopsrogozno.pl\/wp-content\/uploads\/2025\/03\/zasilekPielegnacyjny.pdf\">Zasi\u0142ek piel\u0119gnacyjny<\/a><br \/><a href=\"https:\/\/gopsrogozno.pl\/wp-content\/uploads\/2025\/03\/swiadczeniePielegnacyjne.pdf\">\u015awiadczenie piel\u0119gnacyjne<\/a><br \/><a href=\"https:\/\/gopsrogozno.pl\/wp-content\/uploads\/2025\/03\/specjalnyZasilekOpiekunczy.pdf\">Specjalny zasi\u0142ek opieku\u0144czy<\/a><br \/><a href=\"https:\/\/gopsrogozno.pl\/wp-content\/uploads\/2025\/03\/dodatekZTytuluUrodzeniaDziecka.pdf\">Dodatek z tytu\u0142u urodzenia dziecka<\/a><br \/><a href=\"https:\/\/gopsrogozno.pl\/wp-content\/uploads\/2025\/03\/dodatekZTytuluOpiekiPodczasUrlopuWychowawczego.pdf\">Dodatek z tytu\u0142u opieki nad dzieckiem w okresie korzystania z urlopu wychowawczego<\/a><br \/><a href=\"https:\/\/gopsrogozno.pl\/wp-content\/uploads\/2025\/03\/dodatekZTytuluSamotnegoWychowywaniaDziecka.pdf\">Dodatek z tytu\u0142u samotnego wychowywania dziecka<\/a><br \/><a href=\"https:\/\/gopsrogozno.pl\/wp-content\/uploads\/2025\/03\/dodatekZTytuluKsztalceniaIRehabilitacjiDzieckaNiepelnosprawnego.pdf\">Dodatek z tytu\u0142u kszta\u0142cenia i rehabilitacji dziecka niepe\u0142nosprawnego<\/a><br \/><a href=\"https:\/\/gopsrogozno.pl\/wp-content\/uploads\/2025\/03\/dodatekZTytuluRodzinyWielodzietnej.pdf\">Dodatek z tytu\u0142u wychowywania dziecka w rodzinie wielodzietnej<\/a><br \/><a href=\"https:\/\/gopsrogozno.pl\/wp-content\/uploads\/2025\/03\/dodatekZTytuluPodjeciaNaukaPozaMiejscemZamieszkania.pdf\">Dodatek z tytu\u0142u podj\u0119cia przez dziecko nauki w szkole poza miejscem zamieszkania<\/a><br \/><a href=\"https:\/\/gopsrogozno.pl\/wp-content\/uploads\/2025\/03\/dodatekZTytuluRozpoczeciaRokuSzkolnego.pdf\">Dodatek z tytu\u0142u rozpocz\u0119cia roku szkolnego<\/a><br \/><a href=\"https:\/\/gopsrogozno.pl\/wp-content\/uploads\/2025\/03\/programZaZyciem.pdf\">Program &#8220;Za \u017cyciem&#8221;<\/a><br \/><a href=\"https:\/\/gopsrogozno.pl\/wp-content\/uploads\/2025\/03\/swiadczenieRodzicielskie.pdf\">\u015awiadczenie rodzicielskie<\/a><\/p>\t\t\t\t\t\t\t\t<\/div>\n\t\t\t\t<\/div>\n\t\t\t\t\t<\/div>\n\t\t\t\t<\/div>\n\t\t\t\t<\/div>\n\t\t","protected":false},"excerpt":{"rendered":"<p>Rodzaje i wysoko\u015b\u0107 \u015bwiadcze\u0144 rodzinnychZasi\u0142ek rodzinnyJednorazowa zapomoga z tytu\u0142u urodzenia si\u0119 dzieckaZasi\u0142ek piel\u0119gnacyjny\u015awiadczenie piel\u0119gnacyjneSpecjalny zasi\u0142ek opieku\u0144czyDodatek z tytu\u0142u urodzenia dzieckaDodatek z tytu\u0142u opieki nad dzieckiem w okresie korzystania z urlopu wychowawczegoDodatek z tytu\u0142u samotnego wychowywania dzieckaDodatek z tytu\u0142u kszta\u0142cenia i rehabilitacji dziecka niepe\u0142nosprawnegoDodatek z tytu\u0142u wychowywania dziecka w rodzinie wielodzietnejDodatek z tytu\u0142u podj\u0119cia przez dziecko nauki w szkole poza miejscem zamieszkaniaDodatek z tytu\u0142u rozpocz\u0119cia roku szkolnegoProgram &#8220;Za \u017cyciem&#8221;\u015awiadczenie rodzicielskie<\/p>\n","protected":false},"author":1,"featured_media":0,"parent":0,"menu_order":0,"comment_status":"closed","ping_status":"closed","template":"","meta":{"footnotes":""},"class_list":["post-124","page","type-page","status-publish","hentry"],"_links":{"self":[{"href":"https:\/\/gopsrogozno.pl\/index.php\/wp-json\/wp\/v2\/pages\/124","targetHints":{"allow":["GET"]}}],"collection":[{"href":"https:\/\/gopsrogozno.pl\/index.php\/wp-json\/wp\/v2\/pages"}],"about":[{"href":"https:\/\/gopsrogozno.pl\/index.php\/wp-json\/wp\/v2\/types\/page"}],"author":[{"embeddable":true,"href":"https:\/\/gopsrogozno.pl\/index.php\/wp-json\/wp\/v2\/users\/1"}],"replies":[{"embeddable":true,"href":"https:\/\/gopsrogozno.pl\/index.php\/wp-json\/wp\/v2\/comments?post=124"}],"version-history":[{"count":82,"href":"https:\/\/gopsrogozno.pl\/index.php\/wp-json\/wp\/v2\/pages\/124\/revisions"}],"predecessor-version":[{"id":1847,"href":"https:\/\/gopsrogozno.pl\/index.php\/wp-json\/wp\/v2\/pages\/124\/revisions\/1847"}],"wp:attachment":[{"href":"https:\/\/gopsrogozno.pl\/index.php\/wp-json\/wp\/v2\/media?parent=124"}],"curies":[{"name":"wp","href":"https:\/\/api.w.org\/{rel}","templated":true}]}}