{"id":1243,"date":"2025-03-17T15:32:31","date_gmt":"2025-03-17T15:32:31","guid":{"rendered":"https:\/\/gopsrogozno.pl\/?page_id=1243"},"modified":"2025-03-17T17:17:18","modified_gmt":"2025-03-17T17:17:18","slug":"struktura-gminnego-osrodka-pomocy-spolecznej","status":"publish","type":"page","link":"https:\/\/gopsrogozno.pl\/index.php\/struktura-gminnego-osrodka-pomocy-spolecznej\/","title":{"rendered":"Struktura Gminnego O\u015brodka Pomocy Spo\u0142ecznej"},"content":{"rendered":"\t\t<div data-elementor-type=\"wp-page\" data-elementor-id=\"1243\" class=\"elementor elementor-1243\" data-elementor-post-type=\"page\">\n\t\t\t\t<div data-particle_enable=\"false\" data-particle-mobile-disabled=\"false\" class=\"elementor-element elementor-element-040f7cc e-flex e-con-boxed e-con e-parent\" data-id=\"040f7cc\" data-element_type=\"container\">\n\t\t\t\t\t<div class=\"e-con-inner\">\n\t\t\t\t<div class=\"elementor-element elementor-element-fdc1390 elementor-widget elementor-widget-shortcode\" data-id=\"fdc1390\" data-element_type=\"widget\" data-widget_type=\"shortcode.default\">\n\t\t\t\t<div class=\"elementor-widget-container\">\n\t\t\t\t\t\t\t<div class=\"elementor-shortcode\">\n<table id=\"tablepress-1\" class=\"tablepress tablepress-id-1\">\n<tbody class=\"row-striping row-hover\">\n<tr class=\"row-1\">\n\t<td class=\"column-1\">Kierownik<br \/>\n<br \/>\ntel.785-009-440<br \/>\n<\/td><td class=\"column-2\">Ewelina Kowalska<br \/>\n<br \/>\ngops@gopsrogozno.pl<br \/>\n<\/td>\n<\/tr>\n<tr class=\"row-2\">\n\t<td class=\"column-1\">Ksi\u0119gowo\u015b\u0107<br \/>\n<br \/>\ntel.785-009-442<br \/>\n<\/td><td class=\"column-2\">Marsza\u0142 Lucyna - G\u0142\u00f3wna Ksi\u0119gowa<br \/>\n<br \/>\nlucyna.marszal@gopsrogozno.pl<br \/>\n<br \/>\nMarlena Witowska \u2013 Ksi\u0119gowa<br \/>\n<br \/>\nmarlena.witowska@gopsrogozno.pl<br \/>\n<br \/>\nPaulina Michor \u2013 Inspektor<br \/>\n<br \/>\npaulina.michor@gopsrogozno.pl<br \/>\n<\/td>\n<\/tr>\n<tr class=\"row-3\">\n\t<td class=\"column-1\">Kasa<br \/>\n<br \/>\ntel. 785-009-444<br \/>\n<\/td><td class=\"column-2\">Karina Szorcz \u2013 Starszy Inspektor<br \/>\n<br \/>\nkarina.szorcz@gopsrogozno.pl<br \/>\n<\/td>\n<\/tr>\n<tr class=\"row-4\">\n\t<td class=\"column-1\">\u015awiadczenia Rodzinne<br \/>\n<br \/>\ntel.785-009-443<br \/>\n<br \/>\nFundusz Alimentacyjny<br \/>\n<br \/>\ntel.785-009-449<br \/>\n<br \/>\nDodatek Mieszkaniowy<br \/>\n<br \/>\ntel.785-009-443<br \/>\n<\/td><td class=\"column-2\">Hanna Lis \u2013 Inspektor<br \/>\n<br \/>\nhanna.lis@gopsrogozno.pl<br \/>\n<br \/>\nAgnieszka Krzemi\u0144ska \u2013Pomoc Administracyjna<br \/>\n<br \/>\nagnieszka.krzeminska@gopsrogozno.pl<br \/>\n<br \/>\nAngelika Cylkowska \u2013 Starszy Inspektor<br \/>\n<br \/>\nangelika.cylkowska@gopsrogozno.pl<br \/>\n<br \/>\nKamila Pierwo\u0142a \u2013 Inspektor<br \/>\n<br \/>\nkamila.pierwola@gopsrogozno.pl<br \/>\n<\/td>\n<\/tr>\n<tr class=\"row-5\">\n\t<td class=\"column-1\">Kancelaria<br \/>\n<br \/>\ntel.785-009-441<br \/>\n<\/td><td class=\"column-2\">Paulina Kufera \u2013 Samodzielny Referent<br \/>\n<br \/>\npaulina.kufera@gopsrogozno.pl<br \/>\n<br \/>\nMa\u0142gorzata Wrzesi\u0144ska - Pomoc Administracyjna<br \/>\n<br \/>\nmalgorzata.wrzesinska@gopsrogozno.pl<br \/>\n<\/td>\n<\/tr>\n<tr class=\"row-6\">\n\t<td class=\"column-1\">Asystent Rodziny<br \/>\n<br \/>\ntel. 785-009-446<br \/>\n<\/td><td class=\"column-2\">\u017baneta Zemler-Jessa<br \/>\n<br \/>\nzaneta.zemler-jessa@gopsrogozno.pl<br \/>\n<\/td>\n<\/tr>\n<tr class=\"row-7\">\n\t<td class=\"column-1\">Asystent Rodziny<br \/>\n<br \/>\ntel. 785-009-447<br \/>\n<\/td><td class=\"column-2\">Sylwia Kaczmarek<br \/>\n<br \/>\nsylwia.kaczmarek@gopsrogozno.pl<br \/>\n<\/td>\n<\/tr>\n<tr class=\"row-8\">\n\t<td class=\"column-1\">Asystent Rodziny<br \/>\n<br \/>\ntel. 785-009-448<br \/>\n<\/td><td class=\"column-2\">Paulina Banasch<br \/>\n<br \/>\npaulina.banasch@gopsrogozno.pl<br \/>\n<\/td>\n<\/tr>\n<tr class=\"row-9\">\n\t<td class=\"column-1\">Praca Socjalna<\/td><td class=\"column-2\">Ewelina Noak \u2013 G\u0142\u00f3wny Specjalista Pracy Socjalnej<br \/>\n<br \/>\newelina.noak@gopsrogozno.pl<br \/>\n<br \/>\nte. 785-009-445<br \/>\n<\/td>\n<\/tr>\n<tr class=\"row-10\">\n\t<td class=\"column-1\">Praca Socjalna<\/td><td class=\"column-2\">\u017baneta Nowak \u2013 Starszy Specjalista Pracy Socjalnej, koordynator<br \/>\n<br \/>\nzaneta.nowak@gopsrogozno.pl<br \/>\n<br \/>\ntel.785-009-445<br \/>\n<\/td>\n<\/tr>\n<tr class=\"row-11\">\n\t<td class=\"column-1\">Praca Socjalna<\/td><td class=\"column-2\">Barbara Tabat \u2013 Starszy Specjalista Pracy Socjalnej<br \/>\n<br \/>\nbarbara.tabat@gopsrogozno.pl<br \/>\n<br \/>\ntel.785-009-445<br \/>\n<\/td>\n<\/tr>\n<tr class=\"row-12\">\n\t<td class=\"column-1\">Praca Socjalna<\/td><td class=\"column-2\">Katarzyna Napiera\u0142a \u2013 Starszy Pracownik Socjalny<br \/>\n<br \/>\nkatarzyna.napierala@gopsrogozno.pl<br \/>\n<br \/>\ntel.785-009-445<br \/>\n<\/td>\n<\/tr>\n<tr class=\"row-13\">\n\t<td class=\"column-1\">Praca Socjalna<\/td><td class=\"column-2\">Paulina Sulinowska \u2013 Dybek  - Specjalista Pracy Socjalnej<br \/>\n<br \/>\npaulina.sulinowska-dybek@gopsrogozno.pl<br \/>\n<br \/>\ntel.785-009-439<br \/>\n<\/td>\n<\/tr>\n<tr class=\"row-14\">\n\t<td class=\"column-1\">Praca Socjalna<\/td><td class=\"column-2\">Aldona Gruszko - Starszy Pracownik Socjalny<br \/>\n<br \/>\naldona.gruszko@gopsrogozno.pl<br \/>\n<br \/>\ntel.785-009-439<br \/>\n<\/td>\n<\/tr>\n<tr class=\"row-15\">\n\t<td class=\"column-1\">Praca Socjalna<\/td><td class=\"column-2\">Magdalena Jessa \u2013 Starszy Specjalista Pracy Socjalnej<br \/>\n<br \/>\nmagdalena.jessa@gopsrogozno.pl<br \/>\n<br \/>\ntel.785-009-439<br \/>\n<\/td>\n<\/tr>\n<tr class=\"row-16\">\n\t<td class=\"column-1\">Praca Socjalna<\/td><td class=\"column-2\">Marzena Pi\u0105tkowska \u2013 Starszy Pracownik Socjalny<br \/>\n<br \/>\nmarzena.piatkowska@gopsrogozno.pl<br \/>\n<br \/>\ntel.785-009-450<br \/>\n<\/td>\n<\/tr>\n<tr class=\"row-17\">\n\t<td class=\"column-1\">Praca Socjalna<\/td><td class=\"column-2\">Weronika Gomulec \u2013 Starszy Pracownik Socjalny<br \/>\n<br \/>\nweronika.gomulec@gopsrogozno.pl<br \/>\n<br \/>\ntel.785-009-438<br \/>\n<\/td>\n<\/tr>\n<tr class=\"row-18\">\n\t<td class=\"column-1\">Praca Socjalna<\/td><td class=\"column-2\">Sylwia Wo\u017aniak - Starszy Specjalista Pracy Socjalnej<br \/>\n<br \/>\nsylwia.wozniak@gopsrogozno.pl<br \/>\n<br \/>\ntel.785-009-438<br \/>\n<\/td>\n<\/tr>\n<tr class=\"row-19\">\n\t<td class=\"column-1\">Koordynator Centrum Wsparcia Seniora<\/td><td class=\"column-2\">Ma\u0142gorzata Kaniewska<br \/>\n<br \/>\nmalgorzata.kaniewska@gopsrogozno.pl<br \/>\n<br \/>\ntel. 785-009-460<br \/>\n<\/td>\n<\/tr>\n<tr class=\"row-20\">\n\t<td class=\"column-1\">Koordynator Do\u017cywiania<\/td><td class=\"column-2\">\u017baneta Nowak<br \/>\n<br \/>\nzaneta.nowak@gopsrogozn.pl<br \/>\n<br \/>\ntel. 785-009-445<br \/>\n<\/td>\n<\/tr>\n<tr class=\"row-21\">\n\t<td class=\"column-1\">Koordynator Us\u0142ug Opieku\u0144czych i Specjalistycznych Us\u0142ug Opieku\u0144czych<\/td><td class=\"column-2\">Marzena Pi\u0105tkowska<br \/>\n<br \/>\nmarzena.piatkowska@gopsrogozno.pl<br \/>\n<br \/>\ntel.785-009-450<br \/>\n<\/td>\n<\/tr>\n<tr class=\"row-22\">\n\t<td class=\"column-1\">Opieka Wytchnieniowa<\/td><td class=\"column-2\">Sylwia Wo\u017aniak<br \/>\n<br \/>\nsylwia.wozniak@gopsrogozno.pl<br \/>\n<br \/>\ntel. 785-009-438<br \/>\n<\/td>\n<\/tr>\n<tr class=\"row-23\">\n\t<td class=\"column-1\">Us\u0142ugi S\u0105siedzkie<\/td><td class=\"column-2\">Paulina Sulinowska- Dybek<br \/>\n<br \/>\npaulina.sulinowska-dybek@gopsrogozno.pl<br \/>\n<br \/>\ntel. 785-009-439<br \/>\n<\/td>\n<\/tr>\n<tr class=\"row-24\">\n\t<td class=\"column-1\">Prawnik GOPS<\/td><td class=\"column-2\">Kapela Ewelina<br \/>\n<br \/>\newelina.kapela@gopsrogozno.pl<br \/>\n<br \/>\n 785-009-454<br \/>\n<\/td>\n<\/tr>\n<tr class=\"row-25\">\n\t<td class=\"column-1\">Karta Du\u017cej Rodziny<\/td><td class=\"column-2\">Paulina Kufera<br \/>\n<br \/>\npaulina.kufera@gopsrogozno.pl<br \/>\n<br \/>\ntel.785-009-441<br \/>\n<\/td>\n<\/tr>\n<tr class=\"row-26\">\n\t<td class=\"column-1\">Pilski Bank \u017bywno\u015bci<\/td><td class=\"column-2\">Karina Szorcz<br \/>\n<br \/>\nkarina.szorcz@gopsrogozno.pl<br \/>\n<br \/>\ntel. 785-009-444<br \/>\n<\/td>\n<\/tr>\n<\/tbody>\n<\/table>\n<!-- #tablepress-1 from cache --><\/div>\n\t\t\t\t\t\t<\/div>\n\t\t\t\t<\/div>\n\t\t\t\t\t<\/div>\n\t\t\t\t<\/div>\n\t\t\t\t<\/div>\n\t\t","protected":false},"excerpt":{"rendered":"","protected":false},"author":1,"featured_media":0,"parent":0,"menu_order":0,"comment_status":"closed","ping_status":"closed","template":"","meta":{"footnotes":""},"class_list":["post-1243","page","type-page","status-publish","hentry"],"_links":{"self":[{"href":"https:\/\/gopsrogozno.pl\/index.php\/wp-json\/wp\/v2\/pages\/1243","targetHints":{"allow":["GET"]}}],"collection":[{"href":"https:\/\/gopsrogozno.pl\/index.php\/wp-json\/wp\/v2\/pages"}],"about":[{"href":"https:\/\/gopsrogozno.pl\/index.php\/wp-json\/wp\/v2\/types\/page"}],"author":[{"embeddable":true,"href":"https:\/\/gopsrogozno.pl\/index.php\/wp-json\/wp\/v2\/users\/1"}],"replies":[{"embeddable":true,"href":"https:\/\/gopsrogozno.pl\/index.php\/wp-json\/wp\/v2\/comments?post=1243"}],"version-history":[{"count":19,"href":"https:\/\/gopsrogozno.pl\/index.php\/wp-json\/wp\/v2\/pages\/1243\/revisions"}],"predecessor-version":[{"id":1268,"href":"https:\/\/gopsrogozno.pl\/index.php\/wp-json\/wp\/v2\/pages\/1243\/revisions\/1268"}],"wp:attachment":[{"href":"https:\/\/gopsrogozno.pl\/index.php\/wp-json\/wp\/v2\/media?parent=1243"}],"curies":[{"name":"wp","href":"https:\/\/api.w.org\/{rel}","templated":true}]}}