{"id":1530,"date":"2025-03-31T11:47:45","date_gmt":"2025-03-31T11:47:45","guid":{"rendered":"https:\/\/gopsrogozno.pl\/?page_id=1530"},"modified":"2025-04-02T08:06:35","modified_gmt":"2025-04-02T08:06:35","slug":"obowiazki-informacyjne","status":"publish","type":"page","link":"https:\/\/gopsrogozno.pl\/index.php\/obowiazki-informacyjne\/","title":{"rendered":"Obowi\u0105zki informacyjne"},"content":{"rendered":"\t\t<div data-elementor-type=\"wp-page\" data-elementor-id=\"1530\" class=\"elementor elementor-1530\" data-elementor-post-type=\"page\">\n\t\t\t\t<div data-particle_enable=\"false\" data-particle-mobile-disabled=\"false\" class=\"elementor-element elementor-element-593ffe5 e-flex e-con-boxed e-con e-parent\" data-id=\"593ffe5\" data-element_type=\"container\">\n\t\t\t\t\t<div class=\"e-con-inner\">\n\t\t\t\t<div class=\"elementor-element elementor-element-f8973b4 elementor-widget elementor-widget-text-editor\" data-id=\"f8973b4\" data-element_type=\"widget\" id=\"obowInform\" data-widget_type=\"text-editor.default\">\n\t\t\t\t<div class=\"elementor-widget-container\">\n\t\t\t\t\t\t\t\t\t<p><a href=\"https:\/\/gopsrogozno.pl\/wp-content\/uploads\/2020\/02\/obowi%C4%85zek-informacyjny-bank-%C5%BCywno%C5%9Bci.pdf\" target=\"_blank\" rel=\"noopener\">Obowi\u0105zek informacyjny &#8220;Bank \u017bywno\u015bci&#8221;<\/a><\/p><p><a href=\"https:\/\/gopsrogozno.pl\/wp-content\/uploads\/2020\/02\/obowi%C4%85zek-informacyjny-dla-funduszu-alimentacjunego.pdf\" target=\"_blank\" rel=\"noopener\">Obowi\u0105zek informacyjny &#8220;Fundusz Alimentacyjny&#8221;<\/a><\/p><p><a href=\"https:\/\/gopsrogozno.pl\/wp-content\/uploads\/2020\/02\/obowi%C4%85zek-informacyjny-dla-za-%C5%BCyciem.pdf\" target=\"_blank\" rel=\"noopener\">Obowi\u0105zek informacyjny &#8220;Za \u017byciem&#8221;<\/a><\/p><p><a href=\"https:\/\/gopsrogozno.pl\/wp-content\/uploads\/2020\/02\/obowi%C4%85zek-informacyjny-%C5%9Bwiadczenia-rodzinne.pdf\" target=\"_blank\" rel=\"noopener\">Obowi\u0105zek informacyjny &#8220;\u015awiadczenia Rodzinne&#8221;<\/a><\/p><p><a href=\"https:\/\/gopsrogozno.pl\/wp-content\/uploads\/2025\/03\/obowiazek-informacyjny-bon-energetyczny.pdf\" target=\"_blank\" rel=\"noopener\">Obowi\u0105zek informacyjny &#8220;Bon Energetyczny&#8221;<\/a><\/p><p><a href=\"https:\/\/gopsrogozno.pl\/wp-content\/uploads\/2025\/03\/OBOWIAZEK-INFORMACYJNY-DODATEK-OSLONOWY-GOPS.pdf\" target=\"_blank\" rel=\"noopener\">Obowi\u0105zek informacyjny &#8220;Dodatek Os\u0142onowy&#8221;<\/a><\/p><p><a href=\"https:\/\/gopsrogozno.pl\/wp-content\/uploads\/2025\/03\/obowiazek-informacyjny-pomoc-spoleczna.pdf\" target=\"_blank\" rel=\"noopener\">Obowi\u0105zek informacyjny &#8220;Pomoc Spo\u0142eczna&#8221;<\/a><\/p>\t\t\t\t\t\t\t\t<\/div>\n\t\t\t\t<\/div>\n\t\t\t\t\t<\/div>\n\t\t\t\t<\/div>\n\t\t\t\t<\/div>\n\t\t","protected":false},"excerpt":{"rendered":"<p>Obowi\u0105zek informacyjny &#8220;Bank \u017bywno\u015bci&#8221; Obowi\u0105zek informacyjny &#8220;Fundusz Alimentacyjny&#8221; Obowi\u0105zek informacyjny &#8220;Za \u017byciem&#8221; Obowi\u0105zek informacyjny &#8220;\u015awiadczenia Rodzinne&#8221; Obowi\u0105zek informacyjny &#8220;Bon Energetyczny&#8221; Obowi\u0105zek informacyjny &#8220;Dodatek Os\u0142onowy&#8221; Obowi\u0105zek informacyjny &#8220;Pomoc Spo\u0142eczna&#8221;<\/p>\n","protected":false},"author":1,"featured_media":0,"parent":0,"menu_order":0,"comment_status":"closed","ping_status":"closed","template":"","meta":{"footnotes":""},"class_list":["post-1530","page","type-page","status-publish","hentry"],"_links":{"self":[{"href":"https:\/\/gopsrogozno.pl\/index.php\/wp-json\/wp\/v2\/pages\/1530","targetHints":{"allow":["GET"]}}],"collection":[{"href":"https:\/\/gopsrogozno.pl\/index.php\/wp-json\/wp\/v2\/pages"}],"about":[{"href":"https:\/\/gopsrogozno.pl\/index.php\/wp-json\/wp\/v2\/types\/page"}],"author":[{"embeddable":true,"href":"https:\/\/gopsrogozno.pl\/index.php\/wp-json\/wp\/v2\/users\/1"}],"replies":[{"embeddable":true,"href":"https:\/\/gopsrogozno.pl\/index.php\/wp-json\/wp\/v2\/comments?post=1530"}],"version-history":[{"count":31,"href":"https:\/\/gopsrogozno.pl\/index.php\/wp-json\/wp\/v2\/pages\/1530\/revisions"}],"predecessor-version":[{"id":1613,"href":"https:\/\/gopsrogozno.pl\/index.php\/wp-json\/wp\/v2\/pages\/1530\/revisions\/1613"}],"wp:attachment":[{"href":"https:\/\/gopsrogozno.pl\/index.php\/wp-json\/wp\/v2\/media?parent=1530"}],"curies":[{"name":"wp","href":"https:\/\/api.w.org\/{rel}","templated":true}]}}