{"id":1647,"date":"2025-04-07T10:07:51","date_gmt":"2025-04-07T10:07:51","guid":{"rendered":"https:\/\/gopsrogozno.pl\/?page_id=1647"},"modified":"2025-04-07T10:24:05","modified_gmt":"2025-04-07T10:24:05","slug":"relaks-dla-seniora","status":"publish","type":"page","link":"https:\/\/gopsrogozno.pl\/index.php\/relaks-dla-seniora\/","title":{"rendered":"Relaks dla seniora"},"content":{"rendered":"\t\t<div data-elementor-type=\"wp-page\" data-elementor-id=\"1647\" class=\"elementor elementor-1647\" data-elementor-post-type=\"page\">\n\t\t\t\t<div data-particle_enable=\"false\" data-particle-mobile-disabled=\"false\" class=\"elementor-element elementor-element-c5459b5 e-flex e-con-boxed e-con e-parent\" data-id=\"c5459b5\" data-element_type=\"container\">\n\t\t\t\t\t<div class=\"e-con-inner\">\n\t\t\t\t<div class=\"elementor-element elementor-element-829fe4c elementor-widget elementor-widget-image\" data-id=\"829fe4c\" data-element_type=\"widget\" data-widget_type=\"image.default\">\n\t\t\t\t<div class=\"elementor-widget-container\">\n\t\t\t\t\t\t\t\t\t\t\t\t\t\t\t<img fetchpriority=\"high\" decoding=\"async\" width=\"960\" height=\"540\" src=\"https:\/\/gopsrogozno.pl\/wp-content\/uploads\/2025\/04\/relaxSenior-1024x576.png\" class=\"attachment-large size-large wp-image-1649\" alt=\"\" srcset=\"https:\/\/gopsrogozno.pl\/wp-content\/uploads\/2025\/04\/relaxSenior-1024x576.png 1024w, https:\/\/gopsrogozno.pl\/wp-content\/uploads\/2025\/04\/relaxSenior-300x169.png 300w, https:\/\/gopsrogozno.pl\/wp-content\/uploads\/2025\/04\/relaxSenior-768x432.png 768w, https:\/\/gopsrogozno.pl\/wp-content\/uploads\/2025\/04\/relaxSenior-1536x864.png 1536w, https:\/\/gopsrogozno.pl\/wp-content\/uploads\/2025\/04\/relaxSenior-1140x641.png 1140w, https:\/\/gopsrogozno.pl\/wp-content\/uploads\/2025\/04\/relaxSenior.png 1920w\" sizes=\"(max-width: 960px) 100vw, 960px\" \/>\t\t\t\t\t\t\t\t\t\t\t\t\t\t\t<\/div>\n\t\t\t\t<\/div>\n\t\t\t\t<div class=\"elementor-element elementor-element-a723e64 elementor-widget elementor-widget-text-editor\" data-id=\"a723e64\" data-element_type=\"widget\" data-widget_type=\"text-editor.default\">\n\t\t\t\t<div class=\"elementor-widget-container\">\n\t\t\t\t\t\t\t\t\t<p>Gmina Rogo\u017ano zaprasza senior\u00f3w do skorzystania z bezp\u0142atnej us\u0142ugi masa\u017cu relaksacyjnego w ramach projektu \u201eWielkopolskie telecentrum opieki\u201d. Us\u0142uga &#8220;Relaks Seniora&#8221; kierowana jest do mieszka\u0144c\u00f3w gminy Rogo\u017ano, kt\u00f3rzy uko\u0144czyli 60. rok \u017cycia. Masa\u017c relaksacyjny ma na celu popraw\u0119 samopoczucia fizycznego i psychicznego, redukcj\u0119 napi\u0119cia mi\u0119\u015bniowego oraz wspomaganie regeneracji organizmu. Us\u0142uga mo\u017ce by\u0107 realizowana zar\u00f3wno w gabinecie, jak i\u00a0 w domu seniora. Ka\u017cdy uczestnik mo\u017ce skorzysta\u0107 z masa\u017cu maksymalnie 3 razy w trakcie trwania projektu, tj. do 30.06.2026 roku.<br \/><br \/>Us\u0142ug\u0119 realizuje MK Kosmetologia i Podologia Maryna Krylenko.<br \/><br \/>Zapisy prowadzone s\u0105 pod numerem telefonu: 790 358 237 lub osobi\u015bcie w MK Kosmetologia i pedologia ul.Wielka Szkolna 1, 64-610 Rogo\u017ano<br \/>Wszelkie warunki, ograniczenia i procedury zwi\u0105zane z realizacj\u0105 us\u0142ugi zosta\u0142y szczeg\u00f3\u0142owo opisane w regulaminie, z kt\u00f3rym nale\u017cy zapozna\u0107 si\u0119 przed zg\u0142oszeniem.<\/p>\t\t\t\t\t\t\t\t<\/div>\n\t\t\t\t<\/div>\n\t\t\t\t<div class=\"elementor-element elementor-element-65c0d86 elementor-widget elementor-widget-text-editor\" data-id=\"65c0d86\" data-element_type=\"widget\" data-widget_type=\"text-editor.default\">\n\t\t\t\t<div class=\"elementor-widget-container\">\n\t\t\t\t\t\t\t\t\t<p>Link do regulamin\u00f3w:<br \/><a href=\"https:\/\/drive.google.com\/drive\/folders\/1p4Dix6H6p53YVvscUCJX-TE2H4CaF-np?usp=sharing\">https:\/\/drive.google.com\/drive\/folders\/1p4Dix6H6p53YVvscUCJX-TE2H4CaF-np?usp=sharing<\/a><\/p>\t\t\t\t\t\t\t\t<\/div>\n\t\t\t\t<\/div>\n\t\t\t\t\t<\/div>\n\t\t\t\t<\/div>\n\t\t\t\t<\/div>\n\t\t","protected":false},"excerpt":{"rendered":"<p>Gmina Rogo\u017ano zaprasza senior\u00f3w do skorzystania z bezp\u0142atnej us\u0142ugi masa\u017cu relaksacyjnego w ramach projektu \u201eWielkopolskie telecentrum opieki\u201d. Us\u0142uga &#8220;Relaks Seniora&#8221; kierowana jest do mieszka\u0144c\u00f3w gminy Rogo\u017ano, kt\u00f3rzy uko\u0144czyli 60. rok \u017cycia. Masa\u017c relaksacyjny ma na celu popraw\u0119 samopoczucia fizycznego i psychicznego, redukcj\u0119 napi\u0119cia mi\u0119\u015bniowego oraz wspomaganie regeneracji organizmu. Us\u0142uga mo\u017ce by\u0107 realizowana zar\u00f3wno w gabinecie, jak i\u00a0 w domu seniora. Ka\u017cdy uczestnik mo\u017ce skorzysta\u0107 z masa\u017cu maksymalnie 3 razy w trakcie trwania projektu, tj. do 30.06.2026 roku. Us\u0142ug\u0119 realizuje MK Kosmetologia i Podologia Maryna Krylenko. Zapisy prowadzone s\u0105 pod numerem telefonu: 790 358 237 lub osobi\u015bcie w MK Kosmetologia i pedologia ul.Wielka Szkolna 1, 64-610 Rogo\u017anoWszelkie warunki, ograniczenia i procedury zwi\u0105zane z realizacj\u0105 us\u0142ugi zosta\u0142y szczeg\u00f3\u0142owo opisane w regulaminie, z kt\u00f3rym nale\u017cy zapozna\u0107 si\u0119 przed zg\u0142oszeniem. Link do regulamin\u00f3w:https:\/\/drive.google.com\/drive\/folders\/1p4Dix6H6p53YVvscUCJX-TE2H4CaF-np?usp=sharing<\/p>\n","protected":false},"author":1,"featured_media":0,"parent":0,"menu_order":0,"comment_status":"closed","ping_status":"closed","template":"","meta":{"footnotes":""},"class_list":["post-1647","page","type-page","status-publish","hentry"],"_links":{"self":[{"href":"https:\/\/gopsrogozno.pl\/index.php\/wp-json\/wp\/v2\/pages\/1647","targetHints":{"allow":["GET"]}}],"collection":[{"href":"https:\/\/gopsrogozno.pl\/index.php\/wp-json\/wp\/v2\/pages"}],"about":[{"href":"https:\/\/gopsrogozno.pl\/index.php\/wp-json\/wp\/v2\/types\/page"}],"author":[{"embeddable":true,"href":"https:\/\/gopsrogozno.pl\/index.php\/wp-json\/wp\/v2\/users\/1"}],"replies":[{"embeddable":true,"href":"https:\/\/gopsrogozno.pl\/index.php\/wp-json\/wp\/v2\/comments?post=1647"}],"version-history":[{"count":9,"href":"https:\/\/gopsrogozno.pl\/index.php\/wp-json\/wp\/v2\/pages\/1647\/revisions"}],"predecessor-version":[{"id":1663,"href":"https:\/\/gopsrogozno.pl\/index.php\/wp-json\/wp\/v2\/pages\/1647\/revisions\/1663"}],"wp:attachment":[{"href":"https:\/\/gopsrogozno.pl\/index.php\/wp-json\/wp\/v2\/media?parent=1647"}],"curies":[{"name":"wp","href":"https:\/\/api.w.org\/{rel}","templated":true}]}}