{"id":1657,"date":"2025-04-07T10:26:11","date_gmt":"2025-04-07T10:26:11","guid":{"rendered":"https:\/\/gopsrogozno.pl\/?page_id=1657"},"modified":"2025-04-07T10:30:11","modified_gmt":"2025-04-07T10:30:11","slug":"aktywizacja-dla-seniora","status":"publish","type":"page","link":"https:\/\/gopsrogozno.pl\/index.php\/aktywizacja-dla-seniora\/","title":{"rendered":"Aktywizacja dla seniora"},"content":{"rendered":"\t\t<div data-elementor-type=\"wp-page\" data-elementor-id=\"1657\" class=\"elementor elementor-1657\" data-elementor-post-type=\"page\">\n\t\t\t\t<div data-particle_enable=\"false\" data-particle-mobile-disabled=\"false\" class=\"elementor-element elementor-element-fcddce7 e-flex e-con-boxed e-con e-parent\" data-id=\"fcddce7\" data-element_type=\"container\">\n\t\t\t\t\t<div class=\"e-con-inner\">\n\t\t\t\t<div class=\"elementor-element elementor-element-13155c3 elementor-widget elementor-widget-image\" data-id=\"13155c3\" data-element_type=\"widget\" data-widget_type=\"image.default\">\n\t\t\t\t<div class=\"elementor-widget-container\">\n\t\t\t\t\t\t\t\t\t\t\t\t\t\t\t<img fetchpriority=\"high\" decoding=\"async\" width=\"960\" height=\"540\" src=\"https:\/\/gopsrogozno.pl\/wp-content\/uploads\/2025\/04\/aktywnySenior-1024x576.png\" class=\"attachment-large size-large wp-image-1664\" alt=\"\" srcset=\"https:\/\/gopsrogozno.pl\/wp-content\/uploads\/2025\/04\/aktywnySenior-1024x576.png 1024w, https:\/\/gopsrogozno.pl\/wp-content\/uploads\/2025\/04\/aktywnySenior-300x169.png 300w, https:\/\/gopsrogozno.pl\/wp-content\/uploads\/2025\/04\/aktywnySenior-768x432.png 768w, https:\/\/gopsrogozno.pl\/wp-content\/uploads\/2025\/04\/aktywnySenior-1536x864.png 1536w, https:\/\/gopsrogozno.pl\/wp-content\/uploads\/2025\/04\/aktywnySenior-1140x641.png 1140w, https:\/\/gopsrogozno.pl\/wp-content\/uploads\/2025\/04\/aktywnySenior.png 1920w\" sizes=\"(max-width: 960px) 100vw, 960px\" \/>\t\t\t\t\t\t\t\t\t\t\t\t\t\t\t<\/div>\n\t\t\t\t<\/div>\n\t\t\t\t<div class=\"elementor-element elementor-element-9daf1a2 elementor-widget elementor-widget-text-editor\" data-id=\"9daf1a2\" data-element_type=\"widget\" data-widget_type=\"text-editor.default\">\n\t\t\t\t<div class=\"elementor-widget-container\">\n\t\t\t\t\t\t\t\t\t<p>Gmina Rogo\u017ano zaprasza do udzia\u0142u w us\u0142udze &#8220;Aktywizacja Seniora \u2013 powr\u00f3t do sprawno\u015bci fizycznej&#8221; realizowanej w ramach projektu \u201eWielkopolskie telecentrum opieki\u201d. Us\u0142uga skierowana jest do mieszkanek i mieszka\u0144c\u00f3w Gminy Rogo\u017ano, kt\u00f3rzy uko\u0144czyli 60. rok \u017cycia i chc\u0105 poprawi\u0107 swoj\u0105 sprawno\u015b\u0107 fizyczn\u0105 oraz og\u00f3lne samopoczucie.<br \/>Program ma charakter kompleksowy \u2013 obejmuje indywidualn\u0105 diagnoz\u0119 kondycji zdrowotnej uczestnika, cykl czterech wyk\u0142ad\u00f3w tematycznych oraz dwana\u015bcie spotka\u0144 treningowych w ma\u0142ych grupach. Zaj\u0119cia prowadzone s\u0105 przez specjalist\u00f3w i obejmuj\u0105 r\u00f3wnie\u017c elementy masa\u017cu oraz \u0107wicze\u0144 ruchowych.<br \/><br \/>Zaj\u0119cia odbywaj\u0105 si\u0119 w Rogo\u017anie, ul. Prusa 83.<br \/>Udzia\u0142 w programie jest mo\u017cliwy jeden raz w trakcie realizacji projektu. Wymagana jest frekwencja na minimum 70% zaj\u0119\u0107. Wykonawc\u0105 us\u0142ugi jest Fundacja TIBI Rogo\u017ano.<br \/>Aby wzi\u0105\u0107 udzia\u0142 w programie, nale\u017cy zg\u0142osi\u0107 si\u0119 osobi\u015bcie w Centrum Wsparcia Seniora ul.Ko\u015bciuszki 41, 64-610 Rogo\u017ano i wype\u0142ni\u0107 formularz zg\u0142oszeniowy.<br \/>Wszelkie warunki, ograniczenia i procedury zwi\u0105zane z realizacj\u0105 us\u0142ugi zosta\u0142y szczeg\u00f3\u0142owo opisane w regulaminie, z kt\u00f3rym nale\u017cy zapozna\u0107 si\u0119 przed zg\u0142oszeniem.<\/p>\t\t\t\t\t\t\t\t<\/div>\n\t\t\t\t<\/div>\n\t\t\t\t<div class=\"elementor-element elementor-element-327b842 elementor-widget elementor-widget-text-editor\" data-id=\"327b842\" data-element_type=\"widget\" data-widget_type=\"text-editor.default\">\n\t\t\t\t<div class=\"elementor-widget-container\">\n\t\t\t\t\t\t\t\t\t<p>Link do regulamin\u00f3w: <br \/><a href=\"https:\/\/drive.google.com\/drive\/folders\/1p4Dix6H6p53YVvscUCJX-TE2H4CaF-np?usp=sharing\">https:\/\/drive.google.com\/drive\/folders\/1p4Dix6H6p53YVvscUCJX-TE2H4CaF-np?usp=sharing<\/a><\/p>\t\t\t\t\t\t\t\t<\/div>\n\t\t\t\t<\/div>\n\t\t\t\t\t<\/div>\n\t\t\t\t<\/div>\n\t\t\t\t<\/div>\n\t\t","protected":false},"excerpt":{"rendered":"<p>Gmina Rogo\u017ano zaprasza do udzia\u0142u w us\u0142udze &#8220;Aktywizacja Seniora \u2013 powr\u00f3t do sprawno\u015bci fizycznej&#8221; realizowanej w ramach projektu \u201eWielkopolskie telecentrum opieki\u201d. Us\u0142uga skierowana jest do mieszkanek i mieszka\u0144c\u00f3w Gminy Rogo\u017ano, kt\u00f3rzy uko\u0144czyli 60. rok \u017cycia i chc\u0105 poprawi\u0107 swoj\u0105 sprawno\u015b\u0107 fizyczn\u0105 oraz og\u00f3lne samopoczucie.Program ma charakter kompleksowy \u2013 obejmuje indywidualn\u0105 diagnoz\u0119 kondycji zdrowotnej uczestnika, cykl czterech wyk\u0142ad\u00f3w tematycznych oraz dwana\u015bcie spotka\u0144 treningowych w ma\u0142ych grupach. Zaj\u0119cia prowadzone s\u0105 przez specjalist\u00f3w i obejmuj\u0105 r\u00f3wnie\u017c elementy masa\u017cu oraz \u0107wicze\u0144 ruchowych. Zaj\u0119cia odbywaj\u0105 si\u0119 w Rogo\u017anie, ul. Prusa 83.Udzia\u0142 w programie jest mo\u017cliwy jeden raz w trakcie realizacji projektu. Wymagana jest frekwencja na minimum 70% zaj\u0119\u0107. Wykonawc\u0105 us\u0142ugi jest Fundacja TIBI Rogo\u017ano.Aby wzi\u0105\u0107 udzia\u0142 w programie, nale\u017cy zg\u0142osi\u0107 si\u0119 osobi\u015bcie w Centrum Wsparcia Seniora ul.Ko\u015bciuszki 41, 64-610 Rogo\u017ano i wype\u0142ni\u0107 formularz zg\u0142oszeniowy.Wszelkie warunki, ograniczenia i procedury zwi\u0105zane z realizacj\u0105 us\u0142ugi zosta\u0142y szczeg\u00f3\u0142owo opisane w regulaminie, z kt\u00f3rym nale\u017cy zapozna\u0107 si\u0119 przed zg\u0142oszeniem. Link do regulamin\u00f3w: https:\/\/drive.google.com\/drive\/folders\/1p4Dix6H6p53YVvscUCJX-TE2H4CaF-np?usp=sharing<\/p>\n","protected":false},"author":1,"featured_media":0,"parent":0,"menu_order":0,"comment_status":"closed","ping_status":"closed","template":"","meta":{"footnotes":""},"class_list":["post-1657","page","type-page","status-publish","hentry"],"_links":{"self":[{"href":"https:\/\/gopsrogozno.pl\/index.php\/wp-json\/wp\/v2\/pages\/1657","targetHints":{"allow":["GET"]}}],"collection":[{"href":"https:\/\/gopsrogozno.pl\/index.php\/wp-json\/wp\/v2\/pages"}],"about":[{"href":"https:\/\/gopsrogozno.pl\/index.php\/wp-json\/wp\/v2\/types\/page"}],"author":[{"embeddable":true,"href":"https:\/\/gopsrogozno.pl\/index.php\/wp-json\/wp\/v2\/users\/1"}],"replies":[{"embeddable":true,"href":"https:\/\/gopsrogozno.pl\/index.php\/wp-json\/wp\/v2\/comments?post=1657"}],"version-history":[{"count":3,"href":"https:\/\/gopsrogozno.pl\/index.php\/wp-json\/wp\/v2\/pages\/1657\/revisions"}],"predecessor-version":[{"id":1667,"href":"https:\/\/gopsrogozno.pl\/index.php\/wp-json\/wp\/v2\/pages\/1657\/revisions\/1667"}],"wp:attachment":[{"href":"https:\/\/gopsrogozno.pl\/index.php\/wp-json\/wp\/v2\/media?parent=1657"}],"curies":[{"name":"wp","href":"https:\/\/api.w.org\/{rel}","templated":true}]}}