{"id":1674,"date":"2025-04-07T10:35:51","date_gmt":"2025-04-07T10:35:51","guid":{"rendered":"https:\/\/gopsrogozno.pl\/?page_id=1674"},"modified":"2025-04-07T10:41:28","modified_gmt":"2025-04-07T10:41:28","slug":"stopa-seniora","status":"publish","type":"page","link":"https:\/\/gopsrogozno.pl\/index.php\/stopa-seniora\/","title":{"rendered":"Stopa seniora"},"content":{"rendered":"\t\t<div data-elementor-type=\"wp-page\" data-elementor-id=\"1674\" class=\"elementor elementor-1674\" data-elementor-post-type=\"page\">\n\t\t\t\t<div data-particle_enable=\"false\" data-particle-mobile-disabled=\"false\" class=\"elementor-element elementor-element-bc1a322 e-flex e-con-boxed e-con e-parent\" data-id=\"bc1a322\" data-element_type=\"container\">\n\t\t\t\t\t<div class=\"e-con-inner\">\n\t\t\t\t<div class=\"elementor-element elementor-element-2f1caec elementor-widget elementor-widget-image\" data-id=\"2f1caec\" data-element_type=\"widget\" data-widget_type=\"image.default\">\n\t\t\t\t<div class=\"elementor-widget-container\">\n\t\t\t\t\t\t\t\t\t\t\t\t\t\t\t<img fetchpriority=\"high\" decoding=\"async\" width=\"960\" height=\"540\" src=\"https:\/\/gopsrogozno.pl\/wp-content\/uploads\/2025\/04\/stopaSeniora-1024x576.png\" class=\"attachment-large size-large wp-image-1680\" alt=\"\" srcset=\"https:\/\/gopsrogozno.pl\/wp-content\/uploads\/2025\/04\/stopaSeniora-1024x576.png 1024w, https:\/\/gopsrogozno.pl\/wp-content\/uploads\/2025\/04\/stopaSeniora-300x169.png 300w, https:\/\/gopsrogozno.pl\/wp-content\/uploads\/2025\/04\/stopaSeniora-768x432.png 768w, https:\/\/gopsrogozno.pl\/wp-content\/uploads\/2025\/04\/stopaSeniora-1536x864.png 1536w, https:\/\/gopsrogozno.pl\/wp-content\/uploads\/2025\/04\/stopaSeniora-1140x641.png 1140w, https:\/\/gopsrogozno.pl\/wp-content\/uploads\/2025\/04\/stopaSeniora.png 1920w\" sizes=\"(max-width: 960px) 100vw, 960px\" \/>\t\t\t\t\t\t\t\t\t\t\t\t\t\t\t<\/div>\n\t\t\t\t<\/div>\n\t\t\t\t<div class=\"elementor-element elementor-element-d4824be elementor-widget elementor-widget-text-editor\" data-id=\"d4824be\" data-element_type=\"widget\" data-widget_type=\"text-editor.default\">\n\t\t\t\t<div class=\"elementor-widget-container\">\n\t\t\t\t\t\t\t\t\t<p>Gmina Rogo\u017ano zaprasza senior\u00f3w do skorzystania z bezp\u0142atnej us\u0142ugi &#8220;Stopa Seniora&#8221; w ramach projektu \u201eWielkopolskie telecentrum opieki\u201d. Us\u0142uga kierowana jest do mieszka\u0144c\u00f3w gminy Rogo\u017ano, kt\u00f3rzy uko\u0144czyli 60. rok \u017cycia.<br \/><br \/>Zakres zabiegu dostosowywany jest indywidualnie i obejmuje skracanie paznokci, usuwanie zrogowace\u0144, modzeli, piel\u0119gnacj\u0119 p\u0119kaj\u0105cych pi\u0119t itp.<br \/>Zabieg wykonywany jest po wcze\u015bniejszym wywiadzie zdrowotnym, a us\u0142uga mo\u017ce by\u0107 realizowana zar\u00f3wno w gabinecie, jak i w miejscu zamieszkania seniora.<br \/><br \/>Ka\u017cdy uczestnik mo\u017ce skorzysta\u0107 z us\u0142ugi maksymalnie 3 razy w trakcie trwania projektu, tj. do 30 czerwca 2026 roku.<br \/><br \/>Us\u0142ug\u0119 realizuje Nails &amp; Decor Paulina Kotlarczyk.<br \/><br \/>Zapisy prowadzone s\u0105 pod numerem telefonu: 694 382 175.<br \/><br \/>Wszelkie warunki, ograniczenia i procedury zwi\u0105zane z realizacj\u0105 us\u0142ugi zosta\u0142y szczeg\u00f3\u0142owo opisane w regulaminie, z kt\u00f3rym nale\u017cy zapozna\u0107 si\u0119 przed zg\u0142oszeniem.<\/p>\t\t\t\t\t\t\t\t<\/div>\n\t\t\t\t<\/div>\n\t\t\t\t<div class=\"elementor-element elementor-element-e487dce elementor-widget elementor-widget-text-editor\" data-id=\"e487dce\" data-element_type=\"widget\" data-widget_type=\"text-editor.default\">\n\t\t\t\t<div class=\"elementor-widget-container\">\n\t\t\t\t\t\t\t\t\t<p>Link do regulamin\u00f3w: <br \/><a href=\"https:\/\/drive.google.com\/drive\/folders\/1p4Dix6H6p53YVvscUCJX-TE2H4CaF-np?usp=sharing\">https:\/\/drive.google.com\/drive\/folders\/1p4Dix6H6p53YVvscUCJX-TE2H4CaF-np?usp=sharing<\/a><\/p>\t\t\t\t\t\t\t\t<\/div>\n\t\t\t\t<\/div>\n\t\t\t\t\t<\/div>\n\t\t\t\t<\/div>\n\t\t\t\t<\/div>\n\t\t","protected":false},"excerpt":{"rendered":"<p>Gmina Rogo\u017ano zaprasza senior\u00f3w do skorzystania z bezp\u0142atnej us\u0142ugi &#8220;Stopa Seniora&#8221; w ramach projektu \u201eWielkopolskie telecentrum opieki\u201d. Us\u0142uga kierowana jest do mieszka\u0144c\u00f3w gminy Rogo\u017ano, kt\u00f3rzy uko\u0144czyli 60. rok \u017cycia. Zakres zabiegu dostosowywany jest indywidualnie i obejmuje skracanie paznokci, usuwanie zrogowace\u0144, modzeli, piel\u0119gnacj\u0119 p\u0119kaj\u0105cych pi\u0119t itp.Zabieg wykonywany jest po wcze\u015bniejszym wywiadzie zdrowotnym, a us\u0142uga mo\u017ce by\u0107 realizowana zar\u00f3wno w gabinecie, jak i w miejscu zamieszkania seniora. Ka\u017cdy uczestnik mo\u017ce skorzysta\u0107 z us\u0142ugi maksymalnie 3 razy w trakcie trwania projektu, tj. do 30 czerwca 2026 roku. Us\u0142ug\u0119 realizuje Nails &amp; Decor Paulina Kotlarczyk. Zapisy prowadzone s\u0105 pod numerem telefonu: 694 382 175. Wszelkie warunki, ograniczenia i procedury zwi\u0105zane z realizacj\u0105 us\u0142ugi zosta\u0142y szczeg\u00f3\u0142owo opisane w regulaminie, z kt\u00f3rym nale\u017cy zapozna\u0107 si\u0119 przed zg\u0142oszeniem. Link do regulamin\u00f3w: https:\/\/drive.google.com\/drive\/folders\/1p4Dix6H6p53YVvscUCJX-TE2H4CaF-np?usp=sharing<\/p>\n","protected":false},"author":1,"featured_media":0,"parent":0,"menu_order":0,"comment_status":"closed","ping_status":"closed","template":"","meta":{"footnotes":""},"class_list":["post-1674","page","type-page","status-publish","hentry"],"_links":{"self":[{"href":"https:\/\/gopsrogozno.pl\/index.php\/wp-json\/wp\/v2\/pages\/1674","targetHints":{"allow":["GET"]}}],"collection":[{"href":"https:\/\/gopsrogozno.pl\/index.php\/wp-json\/wp\/v2\/pages"}],"about":[{"href":"https:\/\/gopsrogozno.pl\/index.php\/wp-json\/wp\/v2\/types\/page"}],"author":[{"embeddable":true,"href":"https:\/\/gopsrogozno.pl\/index.php\/wp-json\/wp\/v2\/users\/1"}],"replies":[{"embeddable":true,"href":"https:\/\/gopsrogozno.pl\/index.php\/wp-json\/wp\/v2\/comments?post=1674"}],"version-history":[{"count":6,"href":"https:\/\/gopsrogozno.pl\/index.php\/wp-json\/wp\/v2\/pages\/1674\/revisions"}],"predecessor-version":[{"id":1683,"href":"https:\/\/gopsrogozno.pl\/index.php\/wp-json\/wp\/v2\/pages\/1674\/revisions\/1683"}],"wp:attachment":[{"href":"https:\/\/gopsrogozno.pl\/index.php\/wp-json\/wp\/v2\/media?parent=1674"}],"curies":[{"name":"wp","href":"https:\/\/api.w.org\/{rel}","templated":true}]}}