{"id":42,"date":"2020-02-04T21:33:20","date_gmt":"2020-02-04T21:33:20","guid":{"rendered":"http:\/\/gopsrogozno.pl\/?page_id=42"},"modified":"2025-04-23T12:32:53","modified_gmt":"2025-04-23T12:32:53","slug":"kontakt","status":"publish","type":"page","link":"https:\/\/gopsrogozno.pl\/index.php\/kontakt\/","title":{"rendered":"Kontakt"},"content":{"rendered":"\t\t<div data-elementor-type=\"wp-page\" data-elementor-id=\"42\" class=\"elementor elementor-42\" data-elementor-post-type=\"page\">\n\t\t\t\t<div data-particle_enable=\"false\" data-particle-mobile-disabled=\"false\" class=\"elementor-element elementor-element-3fe48479 e-flex e-con-boxed e-con e-parent\" data-id=\"3fe48479\" data-element_type=\"container\">\n\t\t\t\t\t<div class=\"e-con-inner\">\n\t\t\t\t<div class=\"elementor-element elementor-element-8d598e3 elementor-widget elementor-widget-text-editor\" data-id=\"8d598e3\" data-element_type=\"widget\" data-widget_type=\"text-editor.default\">\n\t\t\t\t<div class=\"elementor-widget-container\">\n\t\t\t\t\t\t\t\t\t<p><strong>Gminny O\u015brodek Pomocy Spo\u0142ecznej<\/strong><br \/>ul. Ko\u015bciuszki 41B<br \/>64 &#8211; 610 Rogo\u017ano<br \/>tel.: 67 261 75 08<br \/>tel. kom.: +48 785 009 441<br \/>e &#8211; mail: <a href=\"mailto:gops@gopsrogozno.pl\">gops@gopsrogozno.pl<\/a><br \/>AE:PL-35931-76021-RGHJA-24 ( e-dor\u0119czenia)<br \/>7l522wlkso\/SkrytkaESP (e-puap)<br \/><strong>Kierownik: mgr Ewelina Kowalska<\/strong><\/p>\t\t\t\t\t\t\t\t<\/div>\n\t\t\t\t<\/div>\n\t\t\t\t\t<\/div>\n\t\t\t\t<\/div>\n\t\t\t\t<\/div>\n\t\t","protected":false},"excerpt":{"rendered":"<p>Gminny O\u015brodek Pomocy Spo\u0142ecznejul. Ko\u015bciuszki 41B64 &#8211; 610 Rogo\u017anotel.: 67 261 75 08tel. kom.: +48 785 009 441e &#8211; mail: gops@gopsrogozno.plAE:PL-35931-76021-RGHJA-24 ( e-dor\u0119czenia)7l522wlkso\/SkrytkaESP (e-puap)Kierownik: mgr Ewelina Kowalska<\/p>\n","protected":false},"author":1,"featured_media":0,"parent":0,"menu_order":0,"comment_status":"closed","ping_status":"closed","template":"","meta":{"footnotes":""},"class_list":["post-42","page","type-page","status-publish","hentry"],"_links":{"self":[{"href":"https:\/\/gopsrogozno.pl\/index.php\/wp-json\/wp\/v2\/pages\/42","targetHints":{"allow":["GET"]}}],"collection":[{"href":"https:\/\/gopsrogozno.pl\/index.php\/wp-json\/wp\/v2\/pages"}],"about":[{"href":"https:\/\/gopsrogozno.pl\/index.php\/wp-json\/wp\/v2\/types\/page"}],"author":[{"embeddable":true,"href":"https:\/\/gopsrogozno.pl\/index.php\/wp-json\/wp\/v2\/users\/1"}],"replies":[{"embeddable":true,"href":"https:\/\/gopsrogozno.pl\/index.php\/wp-json\/wp\/v2\/comments?post=42"}],"version-history":[{"count":63,"href":"https:\/\/gopsrogozno.pl\/index.php\/wp-json\/wp\/v2\/pages\/42\/revisions"}],"predecessor-version":[{"id":1841,"href":"https:\/\/gopsrogozno.pl\/index.php\/wp-json\/wp\/v2\/pages\/42\/revisions\/1841"}],"wp:attachment":[{"href":"https:\/\/gopsrogozno.pl\/index.php\/wp-json\/wp\/v2\/media?parent=42"}],"curies":[{"name":"wp","href":"https:\/\/api.w.org\/{rel}","templated":true}]}}